{"id":71,"date":"2022-01-05T06:39:28","date_gmt":"2022-01-05T06:39:28","guid":{"rendered":"http:\/\/fastwpdemo.com\/newwp\/dentalo\/?page_id=71"},"modified":"2025-02-04T22:26:48","modified_gmt":"2025-02-04T20:26:48","slug":"cabinet-stomatologic-cluj","status":"publish","type":"page","link":"https:\/\/drarmencea.ro\/en\/cabinet-stomatologic-cluj\/","title":{"rendered":"Cabinet stomatologic Cluj"},"content":{"rendered":"<div data-elementor-type=\"wp-page\" data-elementor-id=\"71\" class=\"elementor elementor-71\">\n\t\t\t\t\t\t<section class=\"elementor-section elementor-top-section elementor-element elementor-element-467609a elementor-section-full_width elementor-section-height-default elementor-section-height-default\" data-id=\"467609a\" data-element_type=\"section\">\n\t\t\t\t\t\t<div class=\"elementor-container elementor-column-gap-default\">\n\t\t\t\t\t<div class=\"elementor-column elementor-col-100 elementor-top-column elementor-element elementor-element-8ba5c28\" data-id=\"8ba5c28\" data-element_type=\"column\">\n\t\t\t<div class=\"elementor-widget-wrap elementor-element-populated\">\n\t\t\t\t\t\t<div class=\"elementor-element elementor-element-44dd231 elementor-widget elementor-widget-dentalo_contact_us_v2\" data-id=\"44dd231\" data-element_type=\"widget\" data-widget_type=\"dentalo_contact_us_v2.default\">\n\t\t\t\t<div class=\"elementor-widget-container\">\n\t\t\t\t\t    \n    <section class=\"contact-one contact-one__contact-page\">\n        <div class=\"container\">\n            <div class=\"row\">\n                <div class=\"col-lg-7\">\n                                        <div class=\"block-title\">\n                        <h2 class=\"block-title__sub_title\">Contacta\u021bi-ne<\/h2><!-- \/.block-title__title -->\n                        <p class=\"block-title__title\">Programa\u021bi o consulta\u021bie<\/p><!-- \/.block-title__text -->\n                        <p class=\"block-title__text\">Contacta\u021bi-ne pentru o programare \u0219i o evaluare personalizat\u0103. Completa\u021bi formularul de pe aceast\u0103 pagin\u0103 sau suna\u021bi-ne \u00een timpul programului afi\u015fat.<\/p><!-- \/.block-title__text -->\n                    <\/div><!-- \/.block-title -->\n                                        \n                                        <div class=\"contact-one__form contact-form-validated\">                            \n                        \n<div class=\"wpcf7 no-js\" id=\"wpcf7-f1426-o1\" lang=\"en-US\" dir=\"ltr\" data-wpcf7-id=\"1426\">\n<div class=\"screen-reader-response\"><p role=\"status\" aria-live=\"polite\" aria-atomic=\"true\"><\/p> <ul><\/ul><\/div>\n<form action=\"\/en\/wp-json\/wp\/v2\/pages\/71#wpcf7-f1426-o1\" method=\"post\" class=\"wpcf7-form init\" aria-label=\"Contact form\" novalidate=\"novalidate\" data-status=\"init\" data-trp-original-action=\"\/en\/wp-json\/wp\/v2\/pages\/71#wpcf7-f1426-o1\">\n<div style=\"display: none;\">\n<input type=\"hidden\" name=\"_wpcf7\" value=\"1426\" \/>\n<input type=\"hidden\" name=\"_wpcf7_version\" value=\"6.0.3\" \/>\n<input type=\"hidden\" name=\"_wpcf7_locale\" value=\"en_US\" \/>\n<input type=\"hidden\" name=\"_wpcf7_unit_tag\" value=\"wpcf7-f1426-o1\" \/>\n<input type=\"hidden\" name=\"_wpcf7_container_post\" value=\"0\" \/>\n<input type=\"hidden\" name=\"_wpcf7_posted_data_hash\" value=\"\" \/>\n<\/div>\n<div class=\"row\">\n\t<div class=\"col-lg-12\">\n\t\t<p><span class=\"wpcf7-form-control-wrap\" data-name=\"text-254\"><input size=\"40\" maxlength=\"400\" class=\"wpcf7-form-control wpcf7-text wpcf7-validates-as-required\" aria-required=\"true\" aria-invalid=\"false\" placeholder=\"Nume\" value=\"\" type=\"text\" name=\"text-254\" \/><\/span>\n\t\t<\/p>\n\t<\/div>\n\t<div class=\"col-lg-12\">\n\t\t<p><span class=\"wpcf7-form-control-wrap\" data-name=\"email-646\"><input size=\"40\" maxlength=\"400\" class=\"wpcf7-form-control wpcf7-email wpcf7-validates-as-required wpcf7-text wpcf7-validates-as-email\" aria-required=\"true\" aria-invalid=\"false\" placeholder=\"Adresa email\" value=\"\" type=\"email\" name=\"email-646\" \/><\/span>\n\t\t<\/p>\n\t<\/div>\n\t<div class=\"col-lg-12\">\n\t\t<p><span class=\"wpcf7-form-control-wrap\" data-name=\"text-255\"><input size=\"40\" maxlength=\"400\" class=\"wpcf7-form-control wpcf7-text\" aria-invalid=\"false\" placeholder=\"Telefon\" value=\"\" type=\"text\" name=\"text-255\" \/><\/span>\n\t\t<\/p>\n\t<\/div>\n\t<div class=\"col-lg-12\">\n\t\t<p><span class=\"wpcf7-form-control-wrap\" data-name=\"textarea-143\"><textarea cols=\"40\" rows=\"10\" maxlength=\"2000\" class=\"wpcf7-form-control wpcf7-textarea\" aria-invalid=\"false\" placeholder=\"Mesaj\" name=\"textarea-143\"><\/textarea><\/span>\n\t\t<\/p>\n\t<\/div>\n\t<div class=\"col-lg-12\">\n\t\t<p><button type=\"submit\" class=\"thm-btn\">Trimite<i class=\"far fa-arrow-circle-right\"><\/i><\/button>\n\t\t<\/p>\n\t<\/div>\n<\/div><div class=\"wpcf7-response-output\" aria-hidden=\"true\"><\/div>\n<input type=\"hidden\" name=\"trp-form-language\" value=\"en\"\/><\/form>\n<\/div>\n                    <\/div>\n                                    <\/div><!-- \/.col-lg-7 -->\n                <div class=\"col-lg-5\">\n                    <div class=\"contact-one__page-content\">\n                        <h2 class=\"contact-one__page-title\">Date de contact<\/h2><!-- \/.contact-one__page-title -->\n                        <p class=\"contact-one__page-text\"> ArtMedical Cluj Napoca\n<\/br> Dentistry, oral and maxillofacial surgery\n<\/p><!-- \/.contact-one__page-text -->\n                        \n\t\t\t\t\t\t                        <div class=\"contact-one__page-widget\">\n                            <i class=\"contact-one__page-widget__icon icon icon icon-Pointer\"><\/i>\n                            <h3 class=\"contact-one__page-widget__title\">Adresa<\/h3><!-- \/.contact-one__page-widget__title -->\n                            <p class=\"contact-one__page-widget__text\">Str. Paris 31-35, Cluj-Napoca\n<\/p><!-- \/.contact-one__page-widget__text -->\n                        <\/div><!-- \/.contact-one__page-widget -->\n                                                <div class=\"contact-one__page-widget\">\n                            <i class=\"contact-one__page-widget__icon icon icon icon-Phone2\"><\/i>\n                            <h3 class=\"contact-one__page-widget__title\">Telefon<\/h3><!-- \/.contact-one__page-widget__title -->\n                            <p class=\"contact-one__page-widget__text\"><a href=\"tel:0766106455\">0766 106 455<\/a>  <\/p><!-- \/.contact-one__page-widget__text -->\n                        <\/div><!-- \/.contact-one__page-widget -->\n                                                <div class=\"contact-one__page-widget\">\n                            <i class=\"contact-one__page-widget__icon icon icon icon-Plaine\"><\/i>\n                            <h3 class=\"contact-one__page-widget__title\">Email<\/h3><!-- \/.contact-one__page-widget__title -->\n                            <p class=\"contact-one__page-widget__text\"><a href=\"mailto:artmedicalstoma@gmail.com\">artmedicalstoma@gmail.com<\/a><\/p><!-- \/.contact-one__page-widget__text -->\n                        <\/div><!-- \/.contact-one__page-widget -->\n                                                <div class=\"contact-one__page-widget\">\n                            <i class=\"contact-one__page-widget__icon icon icon icon-Timer\"><\/i>\n                            <h3 class=\"contact-one__page-widget__title\">Program<\/h3><!-- \/.contact-one__page-widget__title -->\n                            <p class=\"contact-one__page-widget__text\">Luni \u2013 Vineri 13:00 \u2013 20:00<\/br>\nSambata - Duminica Inchis<\/p><!-- \/.contact-one__page-widget__text -->\n                        <\/div><!-- \/.contact-one__page-widget -->\n                                                \n\t\t\t\t\t\t\n                    <\/div><!-- \/.contact-one__page-content -->\n                <\/div><!-- \/.col-lg-5 -->\n            <\/div><!-- \/.row -->\n        <\/div><!-- \/.container -->\n    <\/section><!-- \/.contact-one -->\n        \n    \t\t\t\t<\/div>\n\t\t\t\t<\/div>\n\t\t\t\t\t<\/div>\n\t\t<\/div>\n\t\t\t\t\t<\/div>\n\t\t<\/section>\n\t\t\t\t<section class=\"elementor-section elementor-top-section elementor-element elementor-element-645b355 elementor-section-full_width elementor-section-height-default elementor-section-height-default\" data-id=\"645b355\" data-element_type=\"section\">\n\t\t\t\t\t\t<div class=\"elementor-container elementor-column-gap-default\">\n\t\t\t\t\t<div class=\"elementor-column elementor-col-100 elementor-top-column elementor-element elementor-element-58a0c59\" data-id=\"58a0c59\" data-element_type=\"column\">\n\t\t\t<div class=\"elementor-widget-wrap elementor-element-populated\">\n\t\t\t\t\t\t<div class=\"elementor-element elementor-element-8abe816 elementor-widget elementor-widget-dentalo_google_map\" data-id=\"8abe816\" data-element_type=\"widget\" data-widget_type=\"dentalo_google_map.default\">\n\t\t\t\t<div class=\"elementor-widget-container\">\n\t\t\t\t\t    \n    <section class=\"contact-map-section pt-0\">\n        <div class=\"container\">\n            <iframe src=\"https:\/\/www.google.com\/maps\/embed?pb=!1m18!1m12!1m3!1d966.0277967555178!2d23.596828937964148!3d46.777919693520744!2m3!1f0!2f0!3f0!3m2!1i1024!2i768!4f13.1!3m3!1m2!1s0x47490da5ada3e837%3A0xbe1872f0a5d4f088!2sArtmedical!5e0!3m2!1sro!2sro!4v1738699954635!5m2!1sro!2sro\" width=\"600\" height=\"450\" style=\"border:0;\" allowfullscreen=\"\" loading=\"lazy\" referrerpolicy=\"no-referrer-when-downgrade\"><\/iframe>        <\/div><!-- \/.container -->\n    <\/section><!-- \/.contact-map -->\n          \n    \t\t\t\t<\/div>\n\t\t\t\t<\/div>\n\t\t\t\t\t<\/div>\n\t\t<\/div>\n\t\t\t\t\t<\/div>\n\t\t<\/section>\n\t\t\t\t<\/div>","protected":false},"excerpt":{"rendered":"<p>Contacta\u021bi-ne Programa\u021bi o consulta\u021bie Contacta\u021bi-ne pentru o programare \u0219i o evaluare personalizat\u0103. Completa\u021bi formularul de pe aceast\u0103 pagin\u0103 sau suna\u021bi-ne \u00een timpul programului afi\u015fat. Trimite Date de contact ArtMedical Cluj Napoca Medicin\u0103 dentar\u0103, chirurgie oral\u0103 \u015fi maxilofacial\u0103 Adresa Str. Paris 31-35, Cluj-Napoca Telefon 0766 106 455 Email artmedicalstoma@gmail.com Program Luni \u2013 Vineri 13:00 \u2013 20:00 [&hellip;]<\/p>","protected":false},"author":1,"featured_media":0,"parent":0,"menu_order":0,"comment_status":"closed","ping_status":"closed","template":"tpl-default-elementor.php","meta":{"footnotes":""},"class_list":["post-71","page","type-page","status-publish","hentry"],"aioseo_notices":[],"_links":{"self":[{"href":"https:\/\/drarmencea.ro\/en\/wp-json\/wp\/v2\/pages\/71","targetHints":{"allow":["GET"]}}],"collection":[{"href":"https:\/\/drarmencea.ro\/en\/wp-json\/wp\/v2\/pages"}],"about":[{"href":"https:\/\/drarmencea.ro\/en\/wp-json\/wp\/v2\/types\/page"}],"author":[{"embeddable":true,"href":"https:\/\/drarmencea.ro\/en\/wp-json\/wp\/v2\/users\/1"}],"replies":[{"embeddable":true,"href":"https:\/\/drarmencea.ro\/en\/wp-json\/wp\/v2\/comments?post=71"}],"version-history":[{"count":22,"href":"https:\/\/drarmencea.ro\/en\/wp-json\/wp\/v2\/pages\/71\/revisions"}],"predecessor-version":[{"id":2673,"href":"https:\/\/drarmencea.ro\/en\/wp-json\/wp\/v2\/pages\/71\/revisions\/2673"}],"wp:attachment":[{"href":"https:\/\/drarmencea.ro\/en\/wp-json\/wp\/v2\/media?parent=71"}],"curies":[{"name":"wp","href":"https:\/\/api.w.org\/{rel}","templated":true}]}}