{"id":2307,"date":"2025-01-30T13:58:38","date_gmt":"2025-01-30T11:58:38","guid":{"rendered":"https:\/\/drarmencea.ro\/?page_id=2307"},"modified":"2025-02-04T22:38:29","modified_gmt":"2025-02-04T20:38:29","slug":"contact","status":"publish","type":"page","link":"https:\/\/drarmencea.ro\/en\/contact\/","title":{"rendered":"Contact"},"content":{"rendered":"<div data-elementor-type=\"wp-page\" data-elementor-id=\"2307\" class=\"elementor elementor-2307\">\n\t\t\t\t\t\t<section class=\"elementor-section elementor-top-section elementor-element elementor-element-467609a elementor-section-full_width elementor-section-height-default elementor-section-height-default\" data-id=\"467609a\" data-element_type=\"section\">\n\t\t\t\t\t\t<div class=\"elementor-container elementor-column-gap-default\">\n\t\t\t\t\t<div class=\"elementor-column elementor-col-100 elementor-top-column elementor-element elementor-element-4294238\" data-id=\"4294238\" data-element_type=\"column\">\n\t\t\t<div class=\"elementor-widget-wrap elementor-element-populated\">\n\t\t\t\t\t\t<div class=\"elementor-element elementor-element-302793e elementor-widget elementor-widget-spacer\" data-id=\"302793e\" data-element_type=\"widget\" data-widget_type=\"spacer.default\">\n\t\t\t\t<div class=\"elementor-widget-container\">\n\t\t\t\t\t\t\t<div class=\"elementor-spacer\">\n\t\t\t<div class=\"elementor-spacer-inner\"><\/div>\n\t\t<\/div>\n\t\t\t\t\t\t<\/div>\n\t\t\t\t<\/div>\n\t\t\t\t<div class=\"elementor-element elementor-element-ed1790a elementor-widget elementor-widget-heading\" data-id=\"ed1790a\" data-element_type=\"widget\" data-widget_type=\"heading.default\">\n\t\t\t\t<div class=\"elementor-widget-container\">\n\t\t\t\t\t<h2 class=\"elementor-heading-title elementor-size-default\">Our collaborators<\/h2>\t\t\t\t<\/div>\n\t\t\t\t<\/div>\n\t\t\t\t\t<\/div>\n\t\t<\/div>\n\t\t\t\t\t<\/div>\n\t\t<\/section>\n\t\t<div class=\"elementor-element elementor-element-4e0ef19 e-flex e-con-boxed e-con e-parent\" data-id=\"4e0ef19\" data-element_type=\"container\">\n\t\t\t\t\t<div class=\"e-con-inner\">\n\t\t<div class=\"elementor-element elementor-element-21b932b e-con-full e-flex e-con e-child\" data-id=\"21b932b\" data-element_type=\"container\">\n\t\t\t\t<div class=\"elementor-element elementor-element-a8a41e9 elementor-widget elementor-widget-html\" data-id=\"a8a41e9\" data-element_type=\"widget\" data-widget_type=\"html.default\">\n\t\t\t\t<div class=\"elementor-widget-container\">\n\t\t\t\t\t<div class=\"contact-one__page-content\">\n                        <h2 class=\"contact-one__page-title\">Cluj<\/h2><!-- \/.contact-one__page-title -->\n\n                        \n\t\t\t\t<strong>ArtMedical<\/strong>  \n\t\t\t\t<br>Dentistry, oral and maxillofacial surgery                       <div class=\"contact-one__page-widget\">\n                            <i class=\"contact-one__page-widget__icon icon icon icon-Pointer\"><\/i>\n                            <h3 class=\"contact-one__page-widget__title\">Adresa <\/h3><!-- \/.contact-one__page-widget__title -->\n                            <p class=\"contact-one__page-widget__text\">Str. Paris 31-35, Cluj-Napoca<\/p><!-- \/.contact-one__page-widget__text -->\n                        <\/div><!-- \/.contact-one__page-widget -->\n                                                <div class=\"contact-one__page-widget\">\n                            <i class=\"contact-one__page-widget__icon icon icon icon-Phone2\"><\/i>\n                            <h3 class=\"contact-one__page-widget__title\">Telefon<\/h3><!-- \/.contact-one__page-widget__title -->\n                            <p class=\"contact-one__page-widget__text\"><a href=\"tel:0766106455\">0766 106 455<\/a>  <\/p><!-- \/.contact-one__page-widget__text -->\n                        <\/div><!-- \/.contact-one__page-widget -->\n                                                <div class=\"contact-one__page-widget\">\n                            <i class=\"contact-one__page-widget__icon icon icon icon-Plaine\"><\/i>\n                            <h3 class=\"contact-one__page-widget__title\">Email<\/h3><!-- \/.contact-one__page-widget__title -->\n                            <p class=\"contact-one__page-widget__text\"><a href=\"mailto:artmedicalstoma@gmail.com\">artmedicalstoma@gmail.com<\/a><\/p><!-- \/.contact-one__page-widget__text -->\n                        <\/div><!-- \/.contact-one__page-widget -->\n                                                <div class=\"contact-one__page-widget\">\n                            <i class=\"contact-one__page-widget__icon icon icon icon-Timer\"><\/i>\n                            <h3 class=\"contact-one__page-widget__title\">Program<\/h3><!-- \/.contact-one__page-widget__title -->\n                            <p class=\"contact-one__page-widget__text\">Luni \u2013 Vineri 13:00 \u2013 20:00 <br>Sambata - Duminica Inchis<\/p><!-- \/.contact-one__page-widget__text -->\n                        <\/div><!-- \/.contact-one__page-widget -->\n                                                \n\t\t\t\t\t\t\n                    <\/div>\t\t\t\t<\/div>\n\t\t\t\t<\/div>\n\t\t\t\t<\/div>\n\t\t<div class=\"elementor-element elementor-element-21b7a36 e-con-full e-flex e-con e-child\" data-id=\"21b7a36\" data-element_type=\"container\">\n\t\t\t\t<div class=\"elementor-element elementor-element-8a912ba elementor-widget elementor-widget-html\" data-id=\"8a912ba\" data-element_type=\"widget\" data-widget_type=\"html.default\">\n\t\t\t\t<div class=\"elementor-widget-container\">\n\t\t\t\t\t<div class=\"contact-one__page-content\">\n                        <h2 class=\"contact-one__page-title\">Baia Mare<\/h2><!-- \/.contact-one__page-title -->\n<strong>Dental office Dr. Leustean Daniela<\/strong>\n                    \n\t\t\t\t\t\t                        <div class=\"contact-one__page-widget\">\n                            <i class=\"contact-one__page-widget__icon icon icon icon-Pointer\"><\/i>\n                            <h3 class=\"contact-one__page-widget__title\">Adresa <\/h3><!-- \/.contact-one__page-widget__title -->\n                            <p class=\"contact-one__page-widget__text\"> Str Cuza Voda nr 1, Baia Mare<\/p><!-- \/.contact-one__page-widget__text -->\n                        <\/div><!-- \/.contact-one__page-widget -->\n                                                <div class=\"contact-one__page-widget\">\n                            <i class=\"contact-one__page-widget__icon icon icon icon-Phone2\"><\/i>\n                            <h3 class=\"contact-one__page-widget__title\">Telefon<\/h3><!-- \/.contact-one__page-widget__title -->\n                            <p class=\"contact-one__page-widget__text\"><a href=\"tel:0722486238\">0722 486 238<\/a>  <\/p><!-- \/.contact-one__page-widget__text -->\n                        <\/div><!-- \/.contact-one__page-widget -->\n                                                <div class=\"contact-one__page-widget\">\n                            <i class=\"contact-one__page-widget__icon icon icon icon-Plaine\"><\/i>\n                            <h3 class=\"contact-one__page-widget__title\">Email<\/h3><!-- \/.contact-one__page-widget__title -->\n                            <p class=\"contact-one__page-widget__text\"><a href=\"mailto:artmedicalstoma@gmail.com\">artmedicalstoma@gmail.com<\/a><\/p><!-- \/.contact-one__page-widget__text -->\n                        <\/div><!-- \/.contact-one__page-widget -->\n                                                <div class=\"contact-one__page-widget\">\n                            <i class=\"contact-one__page-widget__icon icon icon icon-Timer\"><\/i>\n                            <h3 class=\"contact-one__page-widget__title\">Program<\/h3><!-- \/.contact-one__page-widget__title -->\n                            <p class=\"contact-one__page-widget__text\">Luni \u2013 Vineri 13:00 \u2013 20:00 <br>Sambata - Duminica Inchis<\/p><!-- \/.contact-one__page-widget__text -->\n                        <\/div><!-- \/.contact-one__page-widget -->\n                                                \n\t\t\t\t\t\t\n                    <\/div>\t\t\t\t<\/div>\n\t\t\t\t<\/div>\n\t\t\t\t<\/div>\n\t\t<div class=\"elementor-element elementor-element-9456231 e-con-full e-flex e-con e-child\" data-id=\"9456231\" data-element_type=\"container\">\n\t\t\t\t<div class=\"elementor-element elementor-element-4551f8c elementor-widget elementor-widget-html\" data-id=\"4551f8c\" data-element_type=\"widget\" data-widget_type=\"html.default\">\n\t\t\t\t<div class=\"elementor-widget-container\">\n\t\t\t\t\t<div class=\"contact-one__page-content\">\n                        <h2 class=\"contact-one__page-title\">Bistrita Nasaud<\/h2><!-- \/.contact-one__page-title -->\n\n                 <strong>Dr Kantor Ioan<\/strong>   \n\t\t\t\t\t\t                        <div class=\"contact-one__page-widget\">\n                            <i class=\"contact-one__page-widget__icon icon icon icon-Pointer\"><\/i>\n                            <h3 class=\"contact-one__page-widget__title\">Adresa <\/h3><!-- \/.contact-one__page-widget__title -->\n                            <p class=\"contact-one__page-widget__text\">Str Izvorului nr 1, Bistrita Nasaud<\/p><!-- \/.contact-one__page-widget__text -->\n                        <\/div><!-- \/.contact-one__page-widget -->\n                                                <div class=\"contact-one__page-widget\">\n                            <i class=\"contact-one__page-widget__icon icon icon icon-Phone2\"><\/i>\n                            <h3 class=\"contact-one__page-widget__title\">Telefon<\/h3><!-- \/.contact-one__page-widget__title -->\n                            <p class=\"contact-one__page-widget__text\"><a href=\"tel:0744600154\">0744 600 154<\/a>  <\/p><!-- \/.contact-one__page-widget__text -->\n                        <\/div><!-- \/.contact-one__page-widget -->\n                                                <div class=\"contact-one__page-widget\">\n                            <i class=\"contact-one__page-widget__icon icon icon icon-Plaine\"><\/i>\n                            <h3 class=\"contact-one__page-widget__title\">Email<\/h3><!-- \/.contact-one__page-widget__title -->\n                            <p class=\"contact-one__page-widget__text\"><a href=\"mailto:artmedicalstoma@gmail.com\">artmedicalstoma@gmail.com<\/a><\/p><!-- \/.contact-one__page-widget__text -->\n                        <\/div><!-- \/.contact-one__page-widget -->\n                                                <div class=\"contact-one__page-widget\">\n                            <i class=\"contact-one__page-widget__icon icon icon icon-Timer\"><\/i>\n                            <h3 class=\"contact-one__page-widget__title\">Program<\/h3><!-- \/.contact-one__page-widget__title -->\n                            <p class=\"contact-one__page-widget__text\">Luni \u2013 Vineri 13:00 \u2013 20:00 <br>Sambata - Duminica Inchis<\/p><!-- \/.contact-one__page-widget__text -->\n                        <\/div><!-- \/.contact-one__page-widget -->\n                                                \n\t\t\t\t\t\t\n                    <\/div>\t\t\t\t<\/div>\n\t\t\t\t<\/div>\n\t\t\t\t<\/div>\n\t\t<div class=\"elementor-element elementor-element-7f5a7b4 e-con-full e-flex e-con e-child\" data-id=\"7f5a7b4\" data-element_type=\"container\">\n\t\t\t\t<div class=\"elementor-element elementor-element-e0dd5ba elementor-widget elementor-widget-html\" data-id=\"e0dd5ba\" data-element_type=\"widget\" data-widget_type=\"html.default\">\n\t\t\t\t<div class=\"elementor-widget-container\">\n\t\t\t\t\t<div class=\"contact-one__page-content\">\n                        <h2 class=\"contact-one__page-title\">Piatra Neamt<\/h2><!-- \/.contact-one__page-title -->\n\n                <strong>Euro Dent dental office <\/strong>   \n\t\t\t\t\t\t                        <div class=\"contact-one__page-widget\">\n                            <i class=\"contact-one__page-widget__icon icon icon icon-Pointer\"><\/i>\n                            <h3 class=\"contact-one__page-widget__title\">Adresa <\/h3><!-- \/.contact-one__page-widget__title -->\n                            <p class=\"contact-one__page-widget__text\">Str. Durauluinr nr 18, Piatra Neamt<\/p><!-- \/.contact-one__page-widget__text -->\n                        <\/div><!-- \/.contact-one__page-widget -->\n                                                <div class=\"contact-one__page-widget\">\n                            <i class=\"contact-one__page-widget__icon icon icon icon-Phone2\"><\/i>\n                            <h3 class=\"contact-one__page-widget__title\">Telefon<\/h3><!-- \/.contact-one__page-widget__title -->\n                            <p class=\"contact-one__page-widget__text\"><a href=\"tel:0721265362\">0721 265 362<\/a>  <\/p><!-- \/.contact-one__page-widget__text -->\n                        <\/div><!-- \/.contact-one__page-widget -->\n                                                <div class=\"contact-one__page-widget\">\n                            <i class=\"contact-one__page-widget__icon icon icon icon-Plaine\"><\/i>\n                            <h3 class=\"contact-one__page-widget__title\">Email<\/h3><!-- \/.contact-one__page-widget__title -->\n                            <p class=\"contact-one__page-widget__text\"><a href=\"mailto:artmedicalstoma@gmail.com\">artmedicalstoma@gmail.com<\/a><\/p><!-- \/.contact-one__page-widget__text -->\n                        <\/div><!-- \/.contact-one__page-widget -->\n                                                <div class=\"contact-one__page-widget\">\n                            <i class=\"contact-one__page-widget__icon icon icon icon-Timer\"><\/i>\n                            <h3 class=\"contact-one__page-widget__title\">Program<\/h3><!-- \/.contact-one__page-widget__title -->\n                            <p class=\"contact-one__page-widget__text\">Luni \u2013 Vineri 13:00 \u2013 20:00 <br>Sambata - Duminica Inchis<\/p><!-- \/.contact-one__page-widget__text -->\n                        <\/div><!-- \/.contact-one__page-widget -->\n                                                \n\t\t\t\t\t\t\n                    <\/div>\t\t\t\t<\/div>\n\t\t\t\t<\/div>\n\t\t\t\t<\/div>\n\t\t<div class=\"elementor-element elementor-element-196fa2d e-con-full e-flex e-con e-child\" data-id=\"196fa2d\" data-element_type=\"container\">\n\t\t\t\t<\/div>\n\t\t<div class=\"elementor-element elementor-element-6425da8 e-con-full e-flex e-con e-child\" data-id=\"6425da8\" data-element_type=\"container\">\n\t\t\t\t<\/div>\n\t\t\t\t\t<\/div>\n\t\t\t\t<\/div>\n\t\t<div class=\"elementor-element elementor-element-e630d70 e-flex e-con-boxed e-con e-parent\" data-id=\"e630d70\" data-element_type=\"container\">\n\t\t\t\t\t<div class=\"e-con-inner\">\n\t\t\t\t<div class=\"elementor-element elementor-element-bf09388 elementor-widget elementor-widget-spacer\" data-id=\"bf09388\" data-element_type=\"widget\" data-widget_type=\"spacer.default\">\n\t\t\t\t<div class=\"elementor-widget-container\">\n\t\t\t\t\t\t\t<div class=\"elementor-spacer\">\n\t\t\t<div class=\"elementor-spacer-inner\"><\/div>\n\t\t<\/div>\n\t\t\t\t\t\t<\/div>\n\t\t\t\t<\/div>\n\t\t\t\t\t<\/div>\n\t\t\t\t<\/div>\n\t\t\t\t<\/div>","protected":false},"excerpt":{"rendered":"<p>Colaboratorii nostrii Cluj ArtMedical Medicin\u0103 dentar\u0103, chirurgie oral\u0103 \u015fi maxilofacial\u0103 Adresa Str. Paris 31-35, Cluj-Napoca Telefon 0766 106 455 Email artmedicalstoma@gmail.com Program Luni \u2013 Vineri 13:00 \u2013 20:00 Sambata &#8211; Duminica Inchis Baia Mare Cabinet stomatologic Dr Leustean Daniela Adresa Str Cuza Voda nr 1, Baia Mare Telefon 0722 486 238 Email artmedicalstoma@gmail.com Program Luni [&hellip;]<\/p>","protected":false},"author":1,"featured_media":0,"parent":0,"menu_order":0,"comment_status":"closed","ping_status":"closed","template":"tpl-default-elementor.php","meta":{"footnotes":""},"class_list":["post-2307","page","type-page","status-publish","hentry"],"aioseo_notices":[],"_links":{"self":[{"href":"https:\/\/drarmencea.ro\/en\/wp-json\/wp\/v2\/pages\/2307","targetHints":{"allow":["GET"]}}],"collection":[{"href":"https:\/\/drarmencea.ro\/en\/wp-json\/wp\/v2\/pages"}],"about":[{"href":"https:\/\/drarmencea.ro\/en\/wp-json\/wp\/v2\/types\/page"}],"author":[{"embeddable":true,"href":"https:\/\/drarmencea.ro\/en\/wp-json\/wp\/v2\/users\/1"}],"replies":[{"embeddable":true,"href":"https:\/\/drarmencea.ro\/en\/wp-json\/wp\/v2\/comments?post=2307"}],"version-history":[{"count":4,"href":"https:\/\/drarmencea.ro\/en\/wp-json\/wp\/v2\/pages\/2307\/revisions"}],"predecessor-version":[{"id":2676,"href":"https:\/\/drarmencea.ro\/en\/wp-json\/wp\/v2\/pages\/2307\/revisions\/2676"}],"wp:attachment":[{"href":"https:\/\/drarmencea.ro\/en\/wp-json\/wp\/v2\/media?parent=2307"}],"curies":[{"name":"wp","href":"https:\/\/api.w.org\/{rel}","templated":true}]}}